{"id":1843,"date":"2023-09-04T16:24:17","date_gmt":"2023-09-04T20:24:17","guid":{"rendered":"http:\/\/avalongrove.com\/faeries\/?page_id=1843"},"modified":"2023-09-04T16:48:12","modified_gmt":"2023-09-04T20:48:12","slug":"mysteries-of-appalachia","status":"publish","type":"page","link":"https:\/\/avalongrove.com\/faeries\/index.php\/favorite-sites\/haunted-appalachia\/mysteries-of-appalachia\/","title":{"rendered":"Mysteries of Appalachia"},"content":{"rendered":"<h3><big>The First People: <em>Faeries &amp; Native Americans<\/em><\/big><\/h3>\n<ul>\n<ul>\n<li><a title=\"\" href=\"http:\/\/www.avalongrove.com\/\">Avalon Grove<\/a> (NC)<\/li>\n<li><a title=\"\" href=\"http:\/\/kittythedreamer.hubpages.com\/hub\/A-Real-Fairy-Sighting-in-North-Carolina\">A Real Fairy Sighting in North Carolina<\/a><\/li>\n<li>Cherokee Legends:\u00a0 <a title=\"\" href=\"http:\/\/www.sacred-texts.com\/nam\/cher\/motc\/motc125.htm\">Georgia<\/a> . . <a title=\"\" href=\"http:\/\/www.sacred-texts.com\/nam\/cher\/motc\/motc122.htm\">North Carolina<\/a> . . <a title=\"\" href=\"http:\/\/www.sacred-texts.com\/nam\/cher\/motc\/motc123.htm\">South Carolina<\/a> . . <a title=\"\" href=\"http:\/\/www.sacred-texts.com\/nam\/cher\/motc\/motc124.htm\">Tennessee<\/a><\/li>\n<li><a title=\"\" href=\"http:\/\/www.sherpaguides.com\/north_carolina\/mountains\/sidebars\/fairy_crosses.html\">Fairy Crosses<\/a> (VA)<\/li>\n<li><a title=\"\" href=\"http:\/\/www.dcr.virginia.gov\/state_parks\/fai.shtml\">Fairy Stone State Park<\/a> (VA)<\/li>\n<li>Judacullah Rock (NC)<\/li>\n<li><a title=\"\" href=\"http:\/\/www.ferrum.edu\/applit\/bibs\/tales\/littlepeople.htm\">The Little People<\/a> (NC)<\/li>\n<li><a title=\"\" href=\"http:\/\/www.northcarolinaghosts.com\/mountains\/mooneyedpeople.php\">The Moon-Eyed People<\/a> (NC)<\/li>\n<li><a title=\"\" href=\"http:\/\/mtnlightsanctuary.com\/elves.htm\">Mountain Light Sanctuary<\/a> (NC)<\/li>\n<li>Nunahee at Nikwasi Mound:\u00a0 <a title=\"\" href=\"http:\/\/www.cherokeeheritagetrails.org\/franklin_places.html\">here<\/a> (NC)<\/li>\n<li><a title=\"\" href=\"http:\/\/www.sacred-texts.com\/nam\/cher\/motc\/motc080.htm\">The Spirit Defenders of N\u00efkw\u00e4s\u00ef&#8217;<\/a> (NC)<\/li>\n<li><a title=\"\" href=\"http:\/\/www.theblueridgehighlander.com\/nathanael\/fairycrosses.html\">The Tears of Fairies<\/a> (GA)<\/li>\n<li>Yunwi Tsunsdi (NC)<\/li>\n<\/ul>\n<\/ul>\n<h3><big>Labyrinths<\/big><\/h3>\n<ul>\n<li><a title=\"\" href=\"http:\/\/labyrinthcenter.com\/labyrinth-center\/1621-2\">Labyrinth Center<\/a> (NC)<\/li>\n<li><a title=\"\" href=\"http:\/\/www.mountainvalleycenter.com\/labyrint.htm\">Otto Labyrinth<\/a> (NC)<\/li>\n<li><a title=\"\" href=\"http:\/\/www.urlight.org\/?page_id=39\">Light Center Labyrinth<\/a> (NC)<\/li>\n<li><a title=\"\" href=\"http:\/\/www.mountainvalleycenter.com\/otto-labyrinth-park.php\">Otto Labyrinth<\/a> (NC)<\/li>\n<li><a title=\"\" href=\"http:\/\/labyrinthlocator.com\/locate-a-labyrinth\">Labyrinth Locator<\/a><\/li>\n<\/ul>\n<h3><big>Bigfoot<\/big><\/h3>\n<ul>\n<li><a title=\"\" href=\"http:\/\/www.bigfootinfo.org\/sightings\/sightings-database\/\">Bigfoot Sightings Database<\/a><\/li>\n<li>Bigfoot Sightings: <a title=\"\" href=\"http:\/\/gcbro.com\/gadb1.htm\">Georgia<\/a> . . <a title=\"\" href=\"http:\/\/www.gcbro.com\/NCdb1.html\">North Carolina<\/a> . . <a title=\"\" href=\"http:\/\/gcbro.com\/scdb1.htm\">South Carolina<\/a> . . <a title=\"\" href=\"http:\/\/gcbro.com\/tndb1.htm\">Tennessee<\/a> . . <a title=\"\" href=\"http:\/\/gcbro.com\/tndb1.htm\">Virginia<\/a><\/li>\n<li><a title=\"\" href=\"http:\/\/bigfootsasquatch.wordpress.com\/2008\/03\/08\/nc-bigfoot-sightings-nc-bigfoot-north-carolina-sasquatch-swamp-ape-wild-man-report-sightings\/\">Bigfoot Sasquatch<\/a> (NC)<\/li>\n<li><a title=\"\" href=\"http:\/\/www.northcarolinaghosts.com\/mountains\/boojum-nc-bigfoot.php\">Boojum, North Carolina&#8217;s Bigfoot<\/a><\/li>\n<li><a href=\"http:\/\/www.thestate.com\/news\/weird\/article30464463.html\">Bigfoot Sighting in Western NC<\/a><\/li>\n<\/ul>\n<h3><big>Crop Circles<\/big><\/h3>\n<ul>\n<li><a title=\"\" href=\"http:\/\/www.rense.com\/general66\/fst.htm\">First Crop Circles in US in 2005<\/a> (NC)<\/li>\n<li><a title=\"\" href=\"http:\/\/www.rense.com\/general66\/cropcc.htm\">More Crop Circles in North Carolina<\/a><\/li>\n<li><a href=\"http:\/\/www.bltresearch.com\/usacropcircles\/\">USA Crop Circles 2004-Present<\/a><\/li>\n<\/ul>\n","protected":false},"excerpt":{"rendered":"<p>The First People: Faeries &amp; Native Americans Avalon Grove (NC) A Real Fairy Sighting in North Carolina Cherokee Legends:\u00a0 Georgia . . North Carolina . . South Carolina . . Tennessee Fairy Crosses (VA) Fairy Stone State Park (VA) Judacullah Rock (NC) The Little People (NC) The Moon-Eyed People (NC) Mountain Light Sanctuary (NC) Nunahee [&hellip;]<\/p>\n","protected":false},"author":1,"featured_media":0,"parent":1841,"menu_order":1,"comment_status":"closed","ping_status":"closed","template":"","meta":{"_mi_skip_tracking":false,"_exactmetrics_sitenote_active":false,"_exactmetrics_sitenote_note":"","_exactmetrics_sitenote_category":0,"footnotes":""},"class_list":["post-1843","page","type-page","status-publish","hentry"],"_links":{"self":[{"href":"https:\/\/avalongrove.com\/faeries\/index.php\/wp-json\/wp\/v2\/pages\/1843","targetHints":{"allow":["GET"]}}],"collection":[{"href":"https:\/\/avalongrove.com\/faeries\/index.php\/wp-json\/wp\/v2\/pages"}],"about":[{"href":"https:\/\/avalongrove.com\/faeries\/index.php\/wp-json\/wp\/v2\/types\/page"}],"author":[{"embeddable":true,"href":"https:\/\/avalongrove.com\/faeries\/index.php\/wp-json\/wp\/v2\/users\/1"}],"replies":[{"embeddable":true,"href":"https:\/\/avalongrove.com\/faeries\/index.php\/wp-json\/wp\/v2\/comments?post=1843"}],"version-history":[{"count":1,"href":"https:\/\/avalongrove.com\/faeries\/index.php\/wp-json\/wp\/v2\/pages\/1843\/revisions"}],"predecessor-version":[{"id":1844,"href":"https:\/\/avalongrove.com\/faeries\/index.php\/wp-json\/wp\/v2\/pages\/1843\/revisions\/1844"}],"up":[{"embeddable":true,"href":"https:\/\/avalongrove.com\/faeries\/index.php\/wp-json\/wp\/v2\/pages\/1841"}],"wp:attachment":[{"href":"https:\/\/avalongrove.com\/faeries\/index.php\/wp-json\/wp\/v2\/media?parent=1843"}],"curies":[{"name":"wp","href":"https:\/\/api.w.org\/{rel}","templated":true}]}}